{"id":7436,"date":"2017-04-13T14:16:51","date_gmt":"2017-04-13T12:16:51","guid":{"rendered":"http:\/\/www.5vorflug.de\/blog\/?page_id=7436"},"modified":"2019-05-09T09:49:49","modified_gmt":"2019-05-09T07:49:49","slug":"tnb","status":"publish","type":"page","link":"https:\/\/www.5vorflug.de\/blog\/tnb\/","title":{"rendered":"Gewinnspiel Teilnahmebedingungen"},"content":{"rendered":"<p><strong>Teilnahmebedingungen<\/strong><strong> Lissabon Gewinnspiel Instagram<\/strong><\/p>\n<p>&nbsp;<\/p>\n<ol>\n<li><strong> Veranstalter<\/strong><\/li>\n<\/ol>\n<p>Veranstalter des Gewinnspiels ist die&nbsp;<strong>5vorFlug GmbH, Landsberger Stra\u00dfe 88, 80339 M\u00fcnchen<\/strong>.<\/p>\n<p>&nbsp;<\/p>\n<ol start=\"2\">\n<li><strong> Teilnahmeberechtigung<\/strong><\/li>\n<\/ol>\n<p>Teilnahmeberechtigt sind ausschlie\u00dflich vollj\u00e4hrige Personen. Jeder Teilnehmer ist innerhalb des Aktionszeitraums zur einmaligen Teilnahme an dem Gewinnspiel berechtigt. Die Teilnahme an dieser Aktion ist kostenlos. An dem Gewinnspiel k\u00f6nnen nur Personen, die ein Instagram Profil haben, teilnehmen.<\/p>\n<p>Die Teilnahme \u00fcber automatisierte Teilnahmeverfahren (z.B. Gewinnspielservice-Dienstleister o.\u00e4.) ist ausgeschlossen.&nbsp; Von der Teilnahme ausgeschlossen sind zudem Mitarbeiter und Mitarbeiterinnen des Gewinnspielveranstalters, deren Partner und Familienangeh\u00f6rige sowie s\u00e4mtliche sonstige an der Ausf\u00fchrung der Aktion Beteiligte. Liegen berechtigte Gr\u00fcnde vor, wie z.B. Manipulationsversuche, kann 5vorFlug&nbsp; einzelne Teilnehmer von der Aktion ohne Ank\u00fcndigung ausschlie\u00dfen.<\/p>\n<p>&nbsp;<\/p>\n<ol start=\"3\">\n<li><strong> Ablauf des Gewinnspiels<\/strong><\/li>\n<\/ol>\n<p><strong>Das Gewinnspiel <\/strong><strong>findet in dem Zeitraum 09.05.2019 bis 26.05.2019 (24 Uhr) statt.<\/strong><\/p>\n<p>Die Teilnahme am Gewinnspiel erfolgt durch einen Kommentar unter den Instagram-Beitrag vom 09.05.2018 von 5vorFlug (www.instagram.com\/5vorFlug.de), der folgende gestellte Frage beantwortet:<\/p>\n<p>\u201eMit wem wolltet ihr immer schon immer mal in den Urlaub fahren?\u201c.&nbsp;&nbsp;Zudem muss der Instagram Seite von 5vorFlug (www.instagram.com\/5vorFlug.de), gefolgt werden.<\/p>\n<p>Unter allen Teilnehmern wird nach Ende der Aktion 1 Gewinner im Losverfahren bestimmt und am 28.05.2019 gegen 10:00 Uhr unter dem Beitrag bekanntgegeben und dazu aufgefordert seinen vollst\u00e4ndigen Namen, Geburtsdatum und Email Adresse per privater Nachricht auf Instagram an 5vorFlug zu senden. Daraufhin bekommt der Gewinner die Kontaktdaten von den zust\u00e4ndigen Kollegen \u00fcber die die Reise direkt gebucht werden kann. Die Gewinner m\u00fcssen sich innerhalb von 14 Tagen nach der Benachrichtigung beim Veranstalter per privater Nachricht auf Instagram zur\u00fcckmelden, andernfalls verf\u00e4llt der Gewinn.<\/p>\n<p><strong>&nbsp;<\/strong><\/p>\n<ol start=\"4\">\n<li><strong> Der Gewinn<\/strong><\/li>\n<\/ol>\n<p><strong>Einen Aufenthalt f\u00fcr 2 Personen in Lissabon bestehend aus:<\/strong><\/p>\n<ul>\n<li>2 \u00dcbernachtungen mit Fr\u00fchst\u00fcck im Mundial Hotel in Lissabon im DZ f\u00fcr 2 Personen<\/li>\n<li>Hin- und R\u00fcckflug f\u00fcr 2 Personen ab Deutschland (Abflughafen nach Verf\u00fcgbarkeit)<\/li>\n<\/ul>\n<p>g\u00fcltig bis zum 15.12.2019 auf Anfrage und nach Verf\u00fcgbarkeit, Ferienzeit ausgeschlossen.<\/p>\n<p>Der gew\u00fcnschte Reistermin muss mind. 4 Wochen im Voraus mitgeteilt werden.<\/p>\n<p>Es besteht kein Anspruch auf eine Barauszahlung des Gewinns. Bei Stornierung der Reise verf\u00e4llt der Gewinn.<\/p>\n<p>&nbsp;<\/p>\n<ol start=\"5\">\n<li><strong> Allgemeines<\/strong><\/li>\n<\/ol>\n<p>Die Teilnehmer erkl\u00e4ren sich damit einverstanden, f\u00fcr den Fall der Gewinnermittlung von 5vorFlug auch auf der 5vorflug Homepage, Instagram-Seite und \/ oder in Printmedien (ggf. jeweils unter Nennung des Vornamens inkl. ersten Buchstaben des Nachnamens) ver\u00f6ffentlicht zu werden. Informationen zu den allgemeinen Datenschutzbestimmungen von 5vorFlug finden Sie hier:&nbsp;<a href=\"https:\/\/www.5vorflug.de\/datenschutz.html\">https:\/\/www.5vorflug.de\/datenschutz.html<\/a><\/p>\n<p>Sollten einzelne Bestimmungen dieser Teilnahmebedingungen unwirksam sein oder sollte eine Regelungsl\u00fccke bestehen, ber\u00fchrt dieses die Wirksamkeit der \u00fcbrigen Bestimmungen nicht.<\/p>\n<p>Die Teilnahmebedingungen und die gesamte Rechtsbeziehung zwischen dem Teilnehmer und den Gewinnspielveranstalter unterliegen ausschlie\u00dflich dem Recht der Bundesrepublik Deutschland.<\/p>\n<p><strong>Das Gewinnspiel steht in keiner Verbindung zu Instagram und wird in keiner Weise von Instagram gesponsert, unterst\u00fctzt oder organisiert. Jeder Teilnehmer stellt Instagram von jeglicher Haftung frei. Allein verantwortlich ist der Gewinnspielveranstalter, die 5vorflug GmbH.<br \/>\nS\u00e4mtliche Fragen, Anregungen oder Kritik bitte direkt an die 5vorFlug GmbH richten:&nbsp;<\/strong><a href=\"mailto:facebook@5vorflug.de\"><strong>facebook@5vorflug.de<\/strong><\/a><\/p>\n","protected":false},"excerpt":{"rendered":"<p>Teilnahmebedingungen Lissabon Gewinnspiel Instagram &nbsp; Veranstalter Veranstalter des Gewinnspiels ist die&nbsp;5vorFlug GmbH, Landsberger Stra\u00dfe 88, 80339 M\u00fcnchen. &nbsp; Teilnahmeberechtigung Teilnahmeberechtigt sind ausschlie\u00dflich vollj\u00e4hrige Personen. Jeder Teilnehmer ist innerhalb des Aktionszeitraums zur einmaligen Teilnahme an dem Gewinnspiel berechtigt. Die Teilnahme an dieser Aktion ist kostenlos. An dem Gewinnspiel k\u00f6nnen nur Personen, die ein Instagram Profil haben, &#8230;<\/p>\n","protected":false},"author":58,"featured_media":0,"parent":0,"menu_order":0,"comment_status":"closed","ping_status":"closed","template":"","meta":{"ngg_post_thumbnail":0},"aioseo_notices":[],"_links":{"self":[{"href":"https:\/\/www.5vorflug.de\/blog\/wp-json\/wp\/v2\/pages\/7436"}],"collection":[{"href":"https:\/\/www.5vorflug.de\/blog\/wp-json\/wp\/v2\/pages"}],"about":[{"href":"https:\/\/www.5vorflug.de\/blog\/wp-json\/wp\/v2\/types\/page"}],"author":[{"embeddable":true,"href":"https:\/\/www.5vorflug.de\/blog\/wp-json\/wp\/v2\/users\/58"}],"replies":[{"embeddable":true,"href":"https:\/\/www.5vorflug.de\/blog\/wp-json\/wp\/v2\/comments?post=7436"}],"version-history":[{"count":12,"href":"https:\/\/www.5vorflug.de\/blog\/wp-json\/wp\/v2\/pages\/7436\/revisions"}],"predecessor-version":[{"id":17242,"href":"https:\/\/www.5vorflug.de\/blog\/wp-json\/wp\/v2\/pages\/7436\/revisions\/17242"}],"wp:attachment":[{"href":"https:\/\/www.5vorflug.de\/blog\/wp-json\/wp\/v2\/media?parent=7436"}],"curies":[{"name":"wp","href":"https:\/\/api.w.org\/{rel}","templated":true}]}}