{"id":4937,"date":"2016-01-27T16:31:50","date_gmt":"2016-01-27T14:31:50","guid":{"rendered":"http:\/\/www.5vorflug.de\/blog\/?page_id=4937"},"modified":"2019-10-14T14:34:39","modified_gmt":"2019-10-14T12:34:39","slug":"kategorieuebersicht","status":"publish","type":"page","link":"https:\/\/www.5vorflug.de\/blog\/kategorieuebersicht\/","title":{"rendered":"Kategorie\u00fcbersicht"},"content":{"rendered":"<h2>Die wichtigsten Kategorien auf dem 5vorFlug-Blog<\/h2>\n<ul>\n<li><a href=\"https:\/\/www.5vorflug.de\/blog\/tag\/aktivitaeten\/\" target=\"_blank\" rel=\"noopener noreferrer\">Aktivit\u00e4ten<\/a><\/li>\n<li><a href=\"https:\/\/www.5vorflug.de\/blog\/tag\/beste-reisezeit\/\" target=\"_blank\" rel=\"noopener noreferrer\">Beste Reisezeit<\/a><\/li>\n<li><a href=\"https:\/\/www.5vorflug.de\/blog\/tag\/bucketlist\/\" target=\"_blank\" rel=\"noopener noreferrer\">Bucketlist<\/a><\/li>\n<li><a href=\"https:\/\/www.5vorflug.de\/blog\/tag\/einreisebestimmungen\/\">Einreisebestimmungen<\/a><\/li>\n<li><a href=\"https:\/\/www.5vorflug.de\/blog\/tag\/events\/\" target=\"_blank\" rel=\"noopener noreferrer\">Events<\/a><\/li>\n<li><a href=\"https:\/\/www.5vorflug.de\/blog\/tag\/familienurlaub\/\" target=\"_blank\" rel=\"noopener noreferrer\">Familienurlaub<\/a><\/li>\n<li><a href=\"https:\/\/www.5vorflug.de\/blog\/tag\/guenstig-reisen\/\" target=\"_blank\" rel=\"noopener noreferrer\">g\u00fcnstig Reisen<\/a><\/li>\n<li><a href=\"https:\/\/www.5vorflug.de\/blog\/tag\/hotels\/\" target=\"_blank\" rel=\"noopener noreferrer\">Hotels<\/a><\/li>\n<li><a href=\"https:\/\/www.5vorflug.de\/blog\/tag\/kultururlaub\/\" target=\"_blank\" rel=\"noopener noreferrer\">Kultururlaub<\/a><\/li>\n<li><a href=\"https:\/\/www.5vorflug.de\/blog\/tag\/kurzurlaub\/\" target=\"_blank\" rel=\"noopener noreferrer\">Kurzurlaub<\/a><\/li>\n<li><a href=\"https:\/\/www.5vorflug.de\/blog\/tag\/last-minute-urlaub\/\" target=\"_blank\" rel=\"noopener noreferrer\">Last Minute Urlaub<\/a><\/li>\n<li><a href=\"https:\/\/www.5vorflug.de\/blog\/tag\/partyurlaub\/\" target=\"_blank\" rel=\"noopener noreferrer\">Partyurlaub<\/a><\/li>\n<li><a href=\"https:\/\/www.5vorflug.de\/blog\/tag\/rundreise\/\" target=\"_blank\" rel=\"noopener noreferrer\">Rundreise<\/a><\/li>\n<li><a href=\"https:\/\/www.5vorflug.de\/blog\/tag\/sehenswuerdigkeiten\/\" target=\"_blank\" rel=\"noopener noreferrer\">Sehensw\u00fcrdigkeiten<\/a><\/li>\n<li><a href=\"https:\/\/www.5vorflug.de\/blog\/tag\/service\/\" target=\"_blank\" rel=\"noopener noreferrer\">Service<\/a><\/li>\n<li><a href=\"https:\/\/www.5vorflug.de\/blog\/tag\/sommerurlaub\/\" target=\"_blank\" rel=\"noopener noreferrer\">Sommerurlaub<\/a><\/li>\n<li><a href=\"https:\/\/www.5vorflug.de\/blog\/tag\/staedtereise\/\" target=\"_blank\" rel=\"noopener noreferrer\">St\u00e4dtereise<\/a><\/li>\n<li><a href=\"https:\/\/www.5vorflug.de\/blog\/tag\/strandurlaub\/\" target=\"_blank\" rel=\"noopener noreferrer\">Strandurlaub<\/a><\/li>\n<li><a href=\"https:\/\/www.5vorflug.de\/blog\/tag\/sporturlaub\/\" target=\"_blank\" rel=\"noopener noreferrer\">Sporturlaub<\/a><\/li>\n<li><a href=\"https:\/\/www.5vorflug.de\/blog\/tag\/wandern\/\">Wandern<\/a><\/li>\n<li><a href=\"https:\/\/www.5vorflug.de\/blog\/tag\/wellnessurlaub\/\" target=\"_blank\" rel=\"noopener noreferrer\">Wellnessurlaub<\/a><\/li>\n<li><a href=\"https:\/\/www.5vorflug.de\/blog\/tag\/winterurlaub\/\" target=\"_blank\" rel=\"noopener noreferrer\">Winterurlaub<\/a><\/li>\n<\/ul>\n<h2>\u00dcberblick \u00fcber alle Reisel\u00e4nder, Regionen und St\u00e4dte auf dem 5vorFlug-Blog<\/h2>\n<h3>Europa<\/h3>\n<ul>\n<li><a href=\"https:\/\/www.5vorflug.de\/blog\/tag\/bulgarien\/\" target=\"_blank\" rel=\"noopener noreferrer\">Bulgarien<\/a><\/li>\n<li><a href=\"https:\/\/www.5vorflug.de\/blog\/tag\/daenemark\/\" target=\"_blank\" rel=\"noopener noreferrer\">D\u00e4nemark<\/a>\n<ul>\n<li><a href=\"https:\/\/www.5vorflug.de\/blog\/tag\/kopenhagen\/\" target=\"_blank\" rel=\"noopener noreferrer\">Kopenhagen<\/a><\/li>\n<\/ul>\n<\/li>\n<li><a href=\"https:\/\/www.5vorflug.de\/blog\/tag\/deutschland\/\" target=\"_blank\" rel=\"noopener noreferrer\">Deutschland<\/a>\n<ul>\n<li><a href=\"https:\/\/www.5vorflug.de\/blog\/tag\/berlin\/\" target=\"_blank\" rel=\"noopener noreferrer\">Berlin<\/a><\/li>\n<li><a href=\"https:\/\/www.5vorflug.de\/blog\/tag\/hamburg\/\">Hamburg<\/a><\/li>\n<li><a href=\"https:\/\/www.5vorflug.de\/blog\/tag\/muenchen\/\">M\u00fcnchen<\/a><\/li>\n<\/ul>\n<\/li>\n<\/ul>\n<ul>\n<li><a href=\"https:\/\/www.5vorflug.de\/blog\/tag\/england\/\" target=\"_blank\" rel=\"noopener noreferrer\">England<\/a>\n<ul>\n<li><a href=\"https:\/\/www.5vorflug.de\/blog\/tag\/london\/\">London<\/a><\/li>\n<\/ul>\n<\/li>\n<\/ul>\n<ul>\n<li><a href=\"https:\/\/www.5vorflug.de\/blog\/tag\/lettland\/\">Lettland<\/a>\n<ul>\n<li><a href=\"https:\/\/www.5vorflug.de\/blog\/tag\/riga\/\" target=\"_blank\" rel=\"noopener noreferrer\">Riga<\/a><\/li>\n<\/ul>\n<\/li>\n<\/ul>\n<ul>\n<li><a href=\"https:\/\/www.5vorflug.de\/blog\/tag\/finnland\/\" target=\"_blank\" rel=\"noopener noreferrer\">Finnland<\/a>\n<ul>\n<li><a href=\"https:\/\/www.5vorflug.de\/blog\/tag\/helsinki\/\">Helsinki<\/a><\/li>\n<\/ul>\n<\/li>\n<li><a href=\"https:\/\/www.5vorflug.de\/blog\/tag\/frankreich\/\" target=\"_blank\" rel=\"noopener noreferrer\">Frankreich<\/a>\n<ul>\n<li><a href=\"https:\/\/www.5vorflug.de\/blog\/tag\/paris\/\">Paris<\/a><\/li>\n<\/ul>\n<\/li>\n<li><a href=\"https:\/\/www.5vorflug.de\/blog\/tag\/griechenland\/\" target=\"_blank\" rel=\"noopener noreferrer\">Griechenland<\/a>\n<ul>\n<li><a href=\"https:\/\/www.5vorflug.de\/blog\/tag\/korfu\/\">Korfu<\/a><\/li>\n<li><a href=\"https:\/\/www.5vorflug.de\/blog\/tag\/kreta\/\">Kreta<\/a><\/li>\n<li><a href=\"https:\/\/www.5vorflug.de\/blog\/tag\/kykladen\/\">Kykladen<\/a><\/li>\n<li><a href=\"https:\/\/www.5vorflug.de\/blog\/tag\/naxos\/\">Naxos<\/a><\/li>\n<li><a href=\"https:\/\/www.5vorflug.de\/blog\/tag\/rhodos\/\">Rhodos<\/a><\/li>\n<li><a href=\"https:\/\/www.5vorflug.de\/blog\/tag\/samos\/\">Samos<\/a><\/li>\n<li><a href=\"https:\/\/www.5vorflug.de\/blog\/tag\/santorin\/\">Santorin<\/a><\/li>\n<\/ul>\n<\/li>\n<li><a href=\"https:\/\/www.5vorflug.de\/blog\/tag\/irland\/\" target=\"_blank\" rel=\"noopener noreferrer\">Irland<\/a><\/li>\n<li><a href=\"https:\/\/www.5vorflug.de\/blog\/tag\/island\/\" target=\"_blank\" rel=\"noopener noreferrer\">Island<\/a><\/li>\n<li><a href=\"https:\/\/www.5vorflug.de\/blog\/tag\/italien\/\" target=\"_blank\" rel=\"noopener noreferrer\">Italien<\/a>\n<ul>\n<li><a href=\"https:\/\/www.5vorflug.de\/blog\/tag\/rom\/\" target=\"_blank\" rel=\"noopener noreferrer\">Rom<\/a><\/li>\n<li><a href=\"https:\/\/www.5vorflug.de\/blog\/tag\/sardinien\/\">Sardinien<\/a><\/li>\n<li><a href=\"https:\/\/www.5vorflug.de\/blog\/tag\/sizilien\/\">Sizilien<\/a><\/li>\n<li><a href=\"https:\/\/www.5vorflug.de\/blog\/tag\/venedig\/\" target=\"_blank\" rel=\"noopener noreferrer\">Venedig<\/a><\/li>\n<\/ul>\n<\/li>\n<li><a href=\"https:\/\/www.5vorflug.de\/blog\/tag\/kroatien\/\" target=\"_blank\" rel=\"noopener noreferrer\">Kroatien<\/a><\/li>\n<li><a href=\"https:\/\/www.5vorflug.de\/blog\/tag\/lettland\/\">Lettland<\/a><\/li>\n<li><a href=\"https:\/\/www.5vorflug.de\/blog\/tag\/malta\/\" target=\"_blank\" rel=\"noopener noreferrer\">Malta<\/a><\/li>\n<li><a href=\"https:\/\/www.5vorflug.de\/blog\/tag\/montenegro\/\">Montenegro<\/a><\/li>\n<li><a href=\"https:\/\/www.5vorflug.de\/blog\/tag\/niederlande\" target=\"_blank\" rel=\"noopener noreferrer\">Niederlande<\/a>\n<ul>\n<li><a href=\"https:\/\/www.5vorflug.de\/blog\/tag\/amsterdam\/\" target=\"_blank\" rel=\"noopener noreferrer\">Amsterdam<\/a><\/li>\n<\/ul>\n<\/li>\n<\/ul>\n<ul>\n<li><a href=\"https:\/\/www.5vorflug.de\/blog\/tag\/norwegen\/\" target=\"_blank\" rel=\"noopener noreferrer\">Norwegen<\/a>\n<ul>\n<li><a href=\"https:\/\/www.5vorflug.de\/blog\/tag\/oslo\/\" target=\"_blank\" rel=\"noopener noreferrer\">Oslo<\/a><\/li>\n<\/ul>\n<\/li>\n<li><a href=\"https:\/\/www.5vorflug.de\/blog\/tag\/oesterreich\/\" target=\"_blank\" rel=\"noopener noreferrer\">\u00d6sterreich<\/a>\n<ul>\n<li><a href=\"https:\/\/www.5vorflug.de\/blog\/tag\/wien\/\">Wien<\/a><\/li>\n<\/ul>\n<\/li>\n<li><a href=\"https:\/\/www.5vorflug.de\/blog\/tag\/polen\/\" target=\"_blank\" rel=\"noopener noreferrer\">Polen<\/a><\/li>\n<li><a href=\"https:\/\/www.5vorflug.de\/blog\/tag\/portugal\/\" target=\"_blank\" rel=\"noopener noreferrer\">Portugal<\/a>\n<ul>\n<li><a href=\"https:\/\/www.5vorflug.de\/blog\/tag\/lissabon\/\">Lissabon<\/a><\/li>\n<li><a href=\"https:\/\/www.5vorflug.de\/blog\/tag\/porto\/\" target=\"_blank\" rel=\"noopener noreferrer\">Porto<\/a><\/li>\n<\/ul>\n<\/li>\n<li><a href=\"https:\/\/www.5vorflug.de\/blog\/tag\/schottland\/\">Schottland<\/a><\/li>\n<li><a href=\"https:\/\/www.5vorflug.de\/blog\/tag\/schweden\/\">Schweden<\/a>\n<ul>\n<li><a href=\"https:\/\/www.5vorflug.de\/blog\/tag\/stockholm\/\" target=\"_blank\" rel=\"noopener noreferrer\">Stockholm<\/a><\/li>\n<\/ul>\n<\/li>\n<li><a href=\"https:\/\/www.5vorflug.de\/blog\/tag\/schweiz\/\">Schweiz<\/a><\/li>\n<li><a href=\"https:\/\/www.5vorflug.de\/blog\/tag\/slowenien\/\">Slowenien<\/a><\/li>\n<li><a href=\"https:\/\/www.5vorflug.de\/blog\/tag\/spanien\/\" target=\"_blank\" rel=\"noopener noreferrer\">Spanien<\/a>\n<ul>\n<li><a href=\"https:\/\/www.5vorflug.de\/blog\/tag\/balearen\/\">Balearen<\/a>\n<ul>\n<li><a href=\"https:\/\/www.5vorflug.de\/blog\/tag\/mallorca\/\" target=\"_blank\" rel=\"noopener noreferrer\">Mallorca<\/a>\n<ul>\n<li><a href=\"https:\/\/www.5vorflug.de\/blog\/tag\/palma-de-mallorca\/\">Palma de Mallorca<\/a><\/li>\n<\/ul>\n<\/li>\n<li><a href=\"https:\/\/www.5vorflug.de\/blog\/tag\/menorca\/\">Menorca<\/a><\/li>\n<li><a href=\"https:\/\/www.5vorflug.de\/blog\/tag\/ibiza\/\" target=\"_blank\" rel=\"noopener noreferrer\">Ibiza<\/a><\/li>\n<\/ul>\n<\/li>\n<li><a href=\"https:\/\/www.5vorflug.de\/blog\/tag\/barcelona\/\" target=\"_blank\" rel=\"noopener noreferrer\">Barcelona<\/a><\/li>\n<li><a href=\"https:\/\/www.5vorflug.de\/blog\/tag\/kanaren\/\" target=\"_blank\" rel=\"noopener noreferrer\">Kanaren<\/a>\n<ul>\n<li><a href=\"https:\/\/www.5vorflug.de\/blog\/tag\/fuerteventura\/\" target=\"_blank\" rel=\"noopener noreferrer\">Fuerteventura<\/a><\/li>\n<li><a href=\"https:\/\/www.5vorflug.de\/blog\/tag\/gran-canaria\/\" target=\"_blank\" rel=\"noopener noreferrer\">Gran Canaria<\/a><\/li>\n<li><a href=\"https:\/\/www.5vorflug.de\/blog\/tag\/la-palma\/\">La Palma<\/a><\/li>\n<li><a href=\"https:\/\/www.5vorflug.de\/blog\/tag\/lanzarote\/\">Lanzarote<\/a><\/li>\n<li><a href=\"https:\/\/www.5vorflug.de\/blog\/tag\/teneriffa\/\" target=\"_blank\" rel=\"noopener noreferrer\">Teneriffa<\/a><\/li>\n<\/ul>\n<\/li>\n<li><a href=\"https:\/\/www.5vorflug.de\/blog\/tag\/madrid\/\" target=\"_blank\" rel=\"noopener noreferrer\">Madrid<\/a><\/li>\n<\/ul>\n<\/li>\n<li><a href=\"https:\/\/www.5vorflug.de\/blog\/tag\/tschechien\/\" target=\"_blank\" rel=\"noopener noreferrer\">Tschechien<\/a>\n<ul>\n<li><a href=\"https:\/\/www.5vorflug.de\/blog\/tag\/prag\/\">Prag<\/a><\/li>\n<\/ul>\n<\/li>\n<li><a href=\"https:\/\/www.5vorflug.de\/blog\/tag\/turkei\/\" target=\"_blank\" rel=\"noopener noreferrer\">T\u00fcrkei<\/a>\n<ul>\n<li><a href=\"https:\/\/www.5vorflug.de\/blog\/tag\/istanbul\/\" target=\"_blank\" rel=\"noopener noreferrer\">Istanbul<\/a><\/li>\n<\/ul>\n<\/li>\n<li><a href=\"https:\/\/www.5vorflug.de\/blog\/tag\/zypern\/\">Zypern<\/a><\/li>\n<\/ul>\n<h3>Nordamerika<\/h3>\n<ul>\n<li><a href=\"https:\/\/www.5vorflug.de\/blog\/tag\/kanada\/\" target=\"_blank\" rel=\"noopener noreferrer\">Kanada<\/a><\/li>\n<li><a href=\"https:\/\/www.5vorflug.de\/blog\/tag\/usa\/\" target=\"_blank\" rel=\"noopener noreferrer\">USA<\/a>\n<ul>\n<li><a href=\"https:\/\/www.5vorflug.de\/blog\/tag\/hawaii\/\">Hawaii<\/a><\/li>\n<li><a href=\"https:\/\/www.5vorflug.de\/blog\/tag\/kalifornien\/\">Kalifornien<\/a><\/li>\n<li><a href=\"https:\/\/www.5vorflug.de\/blog\/tag\/las-vegas\/\">Las Vegas<\/a><\/li>\n<li><a href=\"https:\/\/www.5vorflug.de\/blog\/tag\/new-york\/\" target=\"_blank\" rel=\"noopener noreferrer\">New York<\/a><\/li>\n<\/ul>\n<\/li>\n<\/ul>\n<h3>S\u00fcd-und Mittelamerika<\/h3>\n<ul>\n<li><a href=\"https:\/\/www.5vorflug.de\/blog\/tag\/brasilien\/\" target=\"_blank\" rel=\"noopener noreferrer\">Brasilien<\/a><\/li>\n<li><a href=\"https:\/\/www.5vorflug.de\/blog\/tag\/karibik\/\" target=\"_blank\" rel=\"noopener noreferrer\">Karibik<\/a>\n<ul>\n<li><a href=\"https:\/\/www.5vorflug.de\/blog\/tag\/dominikanische-republik\/\" target=\"_blank\" rel=\"noopener noreferrer\">DomRep<\/a><\/li>\n<li><a href=\"https:\/\/www.5vorflug.de\/blog\/tag\/jamaika\/\" target=\"_blank\" rel=\"noopener noreferrer\">Jamaika<\/a><\/li>\n<li><a href=\"https:\/\/www.5vorflug.de\/blog\/tag\/kuba\/\" target=\"_blank\" rel=\"noopener noreferrer\">Kuba<\/a><\/li>\n<\/ul>\n<\/li>\n<li><a href=\"https:\/\/www.5vorflug.de\/blog\/tag\/mexiko\/\" target=\"_blank\" rel=\"noopener noreferrer\">Mexiko<\/a><\/li>\n<\/ul>\n<h3>Afrika<\/h3>\n<ul>\n<li><a href=\"https:\/\/www.5vorflug.de\/blog\/tag\/agypten\/\" target=\"_blank\" rel=\"noopener noreferrer\">\u00c4gypten<\/a>\n<ul>\n<li><a href=\"https:\/\/www.5vorflug.de\/blog\/tag\/el-gouna\/\" target=\"_blank\" rel=\"noopener noreferrer\">El Gouna<\/a><\/li>\n<li><a href=\"https:\/\/www.5vorflug.de\/blog\/tag\/hurghada\/\" target=\"_blank\" rel=\"noopener noreferrer\">Hurghada<\/a><\/li>\n<li><a href=\"https:\/\/www.5vorflug.de\/blog\/tag\/marsa-alam\/\" target=\"_blank\" rel=\"noopener noreferrer\">Marsa Alam<\/a><\/li>\n<li><a href=\"https:\/\/www.5vorflug.de\/blog\/tag\/sharm-el-sheikh\/\" target=\"_blank\" rel=\"noopener noreferrer\">Sharm el Sheikh<\/a><\/li>\n<\/ul>\n<\/li>\n<li><a href=\"https:\/\/www.5vorflug.de\/blog\/tag\/gambia\/\" target=\"_blank\" rel=\"noopener noreferrer\">Gambia<\/a><\/li>\n<li><a href=\"https:\/\/www.5vorflug.de\/blog\/tag\/marokko\/\" target=\"_blank\" rel=\"noopener noreferrer\">Marokko<\/a>\n<ul>\n<li><a href=\"https:\/\/www.5vorflug.de\/blog\/tag\/agadir\/\" target=\"_blank\" rel=\"noopener noreferrer\">Agadir<\/a><\/li>\n<li><a href=\"https:\/\/www.5vorflug.de\/blog\/tag\/marrakesch\/\" target=\"_blank\" rel=\"noopener noreferrer\">Marrakesch<\/a><\/li>\n<\/ul>\n<\/li>\n<li><a href=\"https:\/\/www.5vorflug.de\/blog\/tag\/suedafrika\/\" target=\"_blank\" rel=\"noopener noreferrer\">S\u00fcdafrika<\/a><\/li>\n<li><a href=\"https:\/\/www.5vorflug.de\/blog\/tag\/tunesien\/\" target=\"_blank\" rel=\"noopener noreferrer\">Tunesien<\/a>\n<ul>\n<li><a href=\"https:\/\/www.5vorflug.de\/blog\/tag\/tunis\/\" target=\"_blank\" rel=\"noopener noreferrer\">Tunis<\/a><\/li>\n<\/ul>\n<\/li>\n<\/ul>\n<h3>Australien &amp; Neuseeland<\/h3>\n<p><a href=\"https:\/\/www.5vorflug.de\/blog\/tag\/australien\/\" target=\"_blank\" rel=\"noopener noreferrer\">Australien<\/a><\/p>\n<h3>Vorderasien &amp;&nbsp; Asien<\/h3>\n<ul>\n<li><a href=\"https:\/\/www.5vorflug.de\/blog\/tag\/bahrain\/\" target=\"_blank\" rel=\"noopener noreferrer\">Bahrain<\/a><\/li>\n<li><a href=\"https:\/\/www.5vorflug.de\/blog\/tag\/china\/\" target=\"_blank\" rel=\"noopener noreferrer\">China<\/a><\/li>\n<li><a href=\"https:\/\/www.5vorflug.de\/blog\/tag\/indonesien\/\" target=\"_blank\" rel=\"noopener noreferrer\">Indonesien<\/a>\n<ul>\n<li><a href=\"https:\/\/www.5vorflug.de\/blog\/tag\/bali\/\" target=\"_blank\" rel=\"noopener noreferrer\">Bali<\/a><\/li>\n<\/ul>\n<\/li>\n<li><a href=\"https:\/\/www.5vorflug.de\/blog\/tag\/katar\/\" target=\"_blank\" rel=\"noopener noreferrer\">Katar<\/a><\/li>\n<li><a href=\"https:\/\/www.5vorflug.de\/blog\/tag\/libanon\/\" target=\"_blank\" rel=\"noopener noreferrer\">Libanon<\/a><\/li>\n<li><a href=\"https:\/\/www.5vorflug.de\/blog\/tag\/malediven\/\" target=\"_blank\" rel=\"noopener noreferrer\">Malediven<\/a><\/li>\n<li><a href=\"https:\/\/www.5vorflug.de\/blog\/tag\/mauritius\/\" target=\"_blank\" rel=\"noopener noreferrer\">Mauritius<\/a><\/li>\n<li><a href=\"https:\/\/www.5vorflug.de\/blog\/tag\/oman\/\" target=\"_blank\" rel=\"noopener noreferrer\">Oman<\/a>\n<ul>\n<li><a href=\"https:\/\/www.5vorflug.de\/blog\/tag\/salalah\/\">Salalah<\/a><\/li>\n<\/ul>\n<\/li>\n<li><a href=\"https:\/\/www.5vorflug.de\/blog\/tag\/sri-lanka\/\" target=\"_blank\" rel=\"noopener noreferrer\">Sri Lanka<\/a><\/li>\n<li><a href=\"https:\/\/www.5vorflug.de\/blog\/tag\/thailand\/\" target=\"_blank\" rel=\"noopener noreferrer\">Thailand<\/a>\n<ul>\n<li><a href=\"https:\/\/www.5vorflug.de\/blog\/tag\/bangkok\/\" target=\"_blank\" rel=\"noopener noreferrer\">Bangkok<\/a><\/li>\n<\/ul>\n<\/li>\n<li><a href=\"https:\/\/www.5vorflug.de\/blog\/tag\/vereinigte-arabische-emirate\/\" target=\"_blank\" rel=\"noopener noreferrer\">Vereinigte Arabische Emirate<\/a>\n<ul>\n<li><a href=\"https:\/\/www.5vorflug.de\/blog\/tag\/abu-dhabi\/\" target=\"_blank\" rel=\"noopener noreferrer\">Abu Dhabi<\/a><\/li>\n<li><a href=\"https:\/\/www.5vorflug.de\/blog\/tag\/dubai\/\">Dubai<\/a><\/li>\n<li><a href=\"https:\/\/www.5vorflug.de\/blog\/tag\/ras-al-khaimah\/\" target=\"_blank\" rel=\"noopener noreferrer\">Ras al Khaimah<\/a><\/li>\n<\/ul>\n<\/li>\n<li><a href=\"https:\/\/www.5vorflug.de\/blog\/tag\/vietnam\/\">Vietnam<\/a><a href=\"https:\/\/www.5vorflug.de\/blog\/tag\/wien\/\"><br \/>\n<\/a><\/li>\n<\/ul>\n","protected":false},"excerpt":{"rendered":"<p>Die wichtigsten Kategorien auf dem 5vorFlug-Blog Aktivit\u00e4ten Beste Reisezeit Bucketlist Einreisebestimmungen Events Familienurlaub g\u00fcnstig Reisen Hotels Kultururlaub Kurzurlaub Last Minute Urlaub Partyurlaub Rundreise Sehensw\u00fcrdigkeiten Service Sommerurlaub St\u00e4dtereise Strandurlaub Sporturlaub Wandern Wellnessurlaub Winterurlaub \u00dcberblick \u00fcber alle Reisel\u00e4nder, Regionen und St\u00e4dte auf dem 5vorFlug-Blog Europa Bulgarien D\u00e4nemark Kopenhagen Deutschland Berlin Hamburg M\u00fcnchen England London Lettland Riga Finnland &#8230;<\/p>\n","protected":false},"author":58,"featured_media":0,"parent":0,"menu_order":0,"comment_status":"closed","ping_status":"closed","template":"","meta":{"ngg_post_thumbnail":0},"aioseo_notices":[],"_links":{"self":[{"href":"https:\/\/www.5vorflug.de\/blog\/wp-json\/wp\/v2\/pages\/4937"}],"collection":[{"href":"https:\/\/www.5vorflug.de\/blog\/wp-json\/wp\/v2\/pages"}],"about":[{"href":"https:\/\/www.5vorflug.de\/blog\/wp-json\/wp\/v2\/types\/page"}],"author":[{"embeddable":true,"href":"https:\/\/www.5vorflug.de\/blog\/wp-json\/wp\/v2\/users\/58"}],"replies":[{"embeddable":true,"href":"https:\/\/www.5vorflug.de\/blog\/wp-json\/wp\/v2\/comments?post=4937"}],"version-history":[{"count":58,"href":"https:\/\/www.5vorflug.de\/blog\/wp-json\/wp\/v2\/pages\/4937\/revisions"}],"predecessor-version":[{"id":18822,"href":"https:\/\/www.5vorflug.de\/blog\/wp-json\/wp\/v2\/pages\/4937\/revisions\/18822"}],"wp:attachment":[{"href":"https:\/\/www.5vorflug.de\/blog\/wp-json\/wp\/v2\/media?parent=4937"}],"curies":[{"name":"wp","href":"https:\/\/api.w.org\/{rel}","templated":true}]}}