{"id":17,"date":"2013-07-25T13:43:03","date_gmt":"2013-07-25T11:43:03","guid":{"rendered":"http:\/\/blog.5vorflug.de\/?page_id=17"},"modified":"2016-01-27T17:14:40","modified_gmt":"2016-01-27T15:14:40","slug":"5vorflug-reisewelt","status":"publish","type":"page","link":"https:\/\/www.5vorflug.de\/blog\/5vorflug-reisewelt\/","title":{"rendered":"5vorFlug Reisewelt"},"content":{"rendered":"<p>Ihr wisst noch nicht, wohin euch eure n\u00e4chste Reise f\u00fchrt? Dann werft einen Blick auf unsere zahlreichen Destinationen und erfahrt, wann ihr am Besten wo hinreisen k\u00f6nnt.<\/p>\n","protected":false},"excerpt":{"rendered":"<p>Ihr wisst noch nicht, wohin euch eure n\u00e4chste Reise f\u00fchrt? Dann werft einen Blick auf unsere zahlreichen Destinationen und erfahrt, wann ihr am Besten wo hinreisen k\u00f6nnt.<\/p>\n","protected":false},"author":58,"featured_media":0,"parent":0,"menu_order":0,"comment_status":"open","ping_status":"open","template":"template-blog.php","meta":{"ngg_post_thumbnail":0},"aioseo_notices":[],"_links":{"self":[{"href":"https:\/\/www.5vorflug.de\/blog\/wp-json\/wp\/v2\/pages\/17"}],"collection":[{"href":"https:\/\/www.5vorflug.de\/blog\/wp-json\/wp\/v2\/pages"}],"about":[{"href":"https:\/\/www.5vorflug.de\/blog\/wp-json\/wp\/v2\/types\/page"}],"author":[{"embeddable":true,"href":"https:\/\/www.5vorflug.de\/blog\/wp-json\/wp\/v2\/users\/58"}],"replies":[{"embeddable":true,"href":"https:\/\/www.5vorflug.de\/blog\/wp-json\/wp\/v2\/comments?post=17"}],"version-history":[{"count":7,"href":"https:\/\/www.5vorflug.de\/blog\/wp-json\/wp\/v2\/pages\/17\/revisions"}],"predecessor-version":[{"id":4949,"href":"https:\/\/www.5vorflug.de\/blog\/wp-json\/wp\/v2\/pages\/17\/revisions\/4949"}],"wp:attachment":[{"href":"https:\/\/www.5vorflug.de\/blog\/wp-json\/wp\/v2\/media?parent=17"}],"curies":[{"name":"wp","href":"https:\/\/api.w.org\/{rel}","templated":true}]}}